{"id":13,"date":"2016-02-12T10:39:05","date_gmt":"2016-02-12T09:39:05","guid":{"rendered":"http:\/\/standesamt.voecklawellt.at\/?page_id=13"},"modified":"2025-11-06T10:51:32","modified_gmt":"2025-11-06T09:51:32","slug":"unsere-aufgaben","status":"publish","type":"page","link":"http:\/\/standesamt.voecklawellt.at\/?page_id=13","title":{"rendered":"Unsere Aufgaben"},"content":{"rendered":"<p><span style=\"font-size: medium;\"><br \/>\n<span style=\"color: #c34370;\"><strong>Geburten<\/strong><\/span><\/span><\/p>\n<p><strong>\u00bbWeiterf\u00fchrender Link: <\/strong><span style=\"color: #db698a;\"><strong><a style=\"color: #db698a;\" href=\"https:\/\/www.oesterreich.gv.at\/de\/themen\/familie_und_partnerschaft\/geburt-eines-kindes\/3\/1\/Seite.080100\" target=\"_blank\" rel=\"noopener noreferrer\">Geburten<\/a><\/strong><\/span><\/p>\n<hr \/>\n<p><strong><span style=\"color: #c34370;\">Vaterschaftsanerkenntnisse<\/span><\/strong><\/p>\n<p><strong>\u00bbWeiterf\u00fchrender Link: <span style=\"color: #db698a;\"><a style=\"color: #db698a;\" href=\"https:\/\/www.oesterreich.gv.at\/de\/themen\/familie_und_partnerschaft\/geburt-eines-kindes\/3\/1\/1\/Seite.082400\" target=\"_blank\" rel=\"noopener noreferrer\">Vaterschaftsanerkenntnisse<\/a><\/span><\/strong><\/p>\n<hr \/>\n<p><span style=\"color: #c34370;\"><strong>Ermittlung der Ehef\u00e4higkeit<\/strong><\/span><\/p>\n<p><strong>\u00bbWeiterf\u00fchrender Link: <\/strong><span style=\"color: #db698a;\"><strong><a style=\"color: #db698a;\" href=\"https:\/\/www.oesterreich.gv.at\/de\/themen\/familie_und_partnerschaft\/partnerschaft-und-ehe\/heirat\/3\/Seite.070100\" target=\"_blank\" rel=\"noopener noreferrer\">Ermittlung der Ehef\u00e4higkeit<\/a><\/strong><\/span><\/p>\n<hr \/>\n<p><span style=\"color: #c34370;\"><strong>Eingetragene Partnerschaften<\/strong><\/span><\/p>\n<p><strong>\u00bbWeiterf\u00fchrender Link: <\/strong><span style=\"color: #db698a;\"><strong><a style=\"color: #db698a;\" href=\"https:\/\/www.oesterreich.gv.at\/de\/themen\/familie_und_partnerschaft\/partnerschaft-und-ehe\/eingetragene_partnerschaft\/Seite.1890100\" target=\"_blank\" rel=\"noopener noreferrer\">Eingetragene Partnerschaften<\/a><\/strong><\/span><\/p>\n<hr \/>\n<p><span style=\"color: #c34370;\"><strong>Todesf\u00e4lle\u00a0<\/strong><\/span><\/p>\n<p><strong>\u00bbWeiterf\u00fchrender Link: <\/strong><span style=\"color: #db698a;\"><strong><a style=\"color: #db698a;\" href=\"https:\/\/www.oesterreich.gv.at\/de\/themen\/notfaelle_unfaelle_und_kriminalitaet\/todesfall\/1\/Seite.1908001\" target=\"_blank\" rel=\"noopener noreferrer\">Todesf\u00e4lle<\/a><\/strong><\/span><\/p>\n<hr \/>\n<p><span style=\"color: #c34370;\"><strong>Staatsb\u00fcrgerschaftsnachweise<\/strong><\/span><\/p>\n<p><strong>\u00bbWeiterf\u00fchrender Link: <span style=\"color: #db698a;\"><a style=\"color: #db698a;\" href=\"https:\/\/www.oesterreich.gv.at\/de\/themen\/menschen_aus_anderen_staaten\/staatsbuergerschaft\/Seite.260100\" target=\"_blank\" rel=\"noopener noreferrer\">Staatsb\u00fcrgerschaftsnachweise<\/a><\/span><\/strong><\/p>\n<hr \/>\n<p><span style=\"color: #c34370;\"><strong>Namens\u00e4nderungen (nach \u00f6sterr. Recht)<\/strong><\/span><\/p>\n<p><strong>\u00bbIm Zusammenhang mit Eheschlie\u00dfung: <a href=\"https:\/\/www.oesterreich.gv.at\/de\/themen\/familie_und_partnerschaft\/partnerschaft-und-ehe\/heirat\/3\/Seite.070130\" target=\"_blank\" rel=\"noopener noreferrer\">Namens\u00e4nderungen<\/a><\/strong><\/p>\n<p><strong>\u00bbNach Beendigung der Ehe: <a href=\"https:\/\/www.oesterreich.gv.at\/de\/themen\/persoenliche_dokumente_und_bestaetigungen\/namensaenderung\/Seite.2330200\" target=\"_blank\" rel=\"noopener noreferrer\">Namens\u00e4nderungen<\/a><\/strong><\/p>\n<p><strong>\u00bbVon Minderj\u00e4hrigen: <a href=\"https:\/\/www.oesterreich.gv.at\/de\/themen\/persoenliche_dokumente_und_bestaetigungen\/namensaenderung\/Seite.2330400\" target=\"_blank\" rel=\"noopener noreferrer\">Namens\u00e4nderungen<\/a><\/strong><\/p>\n<hr \/>\n<p><span style=\"color: #c34370;\"><strong>Obsorge<\/strong><\/span><\/p>\n<p><strong>\u00bbWeiterf\u00fchrender Link: <a href=\"https:\/\/www.oesterreich.gv.at\/de\/themen\/familie_und_partnerschaft\/familie-und-kinderfuersorge\/obsorge\/Seite.234004\" target=\"_blank\" rel=\"noopener noreferrer\">Obsorge<\/a><\/strong><\/p>\n<hr \/>\n<p><span style=\"color: #c34370;\"><strong>Standesamtliche Trauung<\/strong><\/span><\/p>\n<p><strong>\u00bbWeiterf\u00fchrender Link: <\/strong><span style=\"color: #db698a;\"><strong><a style=\"color: #db698a;\" href=\"https:\/\/www.oesterreich.gv.at\/de\/themen\/familie_und_partnerschaft\/partnerschaft-und-ehe\/heirat\/1\/Seite.070410\" target=\"_blank\" rel=\"noopener noreferrer\">Standesamtliche Trauung<\/a><\/strong><\/span><\/p>\n","protected":false},"excerpt":{"rendered":"<p>Geburten \u00bbWeiterf\u00fchrender Link: Geburten Vaterschaftsanerkenntnisse \u00bbWeiterf\u00fchrender Link: Vaterschaftsanerkenntnisse Ermittlung der Ehef\u00e4higkeit \u00bbWeiterf\u00fchrender Link: Ermittlung der Ehef\u00e4higkeit Eingetragene Partnerschaften \u00bbWeiterf\u00fchrender Link: Eingetragene Partnerschaften Todesf\u00e4lle\u00a0 \u00bbWeiterf\u00fchrender Link: Todesf\u00e4lle Staatsb\u00fcrgerschaftsnachweise \u00bbWeiterf\u00fchrender Link: Staatsb\u00fcrgerschaftsnachweise Namens\u00e4nderungen (nach \u00f6sterr. Recht) \u00bbIm Zusammenhang mit Eheschlie\u00dfung: Namens\u00e4nderungen \u00bbNach Beendigung der Ehe: Namens\u00e4nderungen \u00bbVon Minderj\u00e4hrigen: Namens\u00e4nderungen Obsorge \u00bbWeiterf\u00fchrender Link: Obsorge Standesamtliche Trauung \u00bbWeiterf\u00fchrender Link: [&hellip;]<\/p>\n","protected":false},"author":1,"featured_media":0,"parent":0,"menu_order":0,"comment_status":"closed","ping_status":"closed","template":"","meta":[],"_links":{"self":[{"href":"http:\/\/standesamt.voecklawellt.at\/index.php?rest_route=\/wp\/v2\/pages\/13"}],"collection":[{"href":"http:\/\/standesamt.voecklawellt.at\/index.php?rest_route=\/wp\/v2\/pages"}],"about":[{"href":"http:\/\/standesamt.voecklawellt.at\/index.php?rest_route=\/wp\/v2\/types\/page"}],"author":[{"embeddable":true,"href":"http:\/\/standesamt.voecklawellt.at\/index.php?rest_route=\/wp\/v2\/users\/1"}],"replies":[{"embeddable":true,"href":"http:\/\/standesamt.voecklawellt.at\/index.php?rest_route=%2Fwp%2Fv2%2Fcomments&post=13"}],"version-history":[{"count":29,"href":"http:\/\/standesamt.voecklawellt.at\/index.php?rest_route=\/wp\/v2\/pages\/13\/revisions"}],"predecessor-version":[{"id":281,"href":"http:\/\/standesamt.voecklawellt.at\/index.php?rest_route=\/wp\/v2\/pages\/13\/revisions\/281"}],"wp:attachment":[{"href":"http:\/\/standesamt.voecklawellt.at\/index.php?rest_route=%2Fwp%2Fv2%2Fmedia&parent=13"}],"curies":[{"name":"wp","href":"https:\/\/api.w.org\/{rel}","templated":true}]}}