{"id":9,"date":"2016-02-12T10:38:20","date_gmt":"2016-02-12T09:38:20","guid":{"rendered":"http:\/\/standesamt.voecklawellt.at\/?page_id=9"},"modified":"2025-01-14T15:50:44","modified_gmt":"2025-01-14T14:50:44","slug":"9-2","status":"publish","type":"page","link":"http:\/\/standesamt.voecklawellt.at\/","title":{"rendered":""},"content":{"rendered":"\n<p style=\"font-size:30px\"><span style=\"color: #c34370;\"><strong>Heiraten in V\u00f6cklamarkt<\/strong><\/span><\/p>\n\n\n\n<p><\/p>\n\n\n\n<p><\/p>\n\n\n\n<p><\/p>\n\n\n\n<figure class=\"wp-block-gallery alignright has-nested-images columns-1 is-cropped\">\n<figure class=\"wp-block-image size-medium\"><img loading=\"lazy\" width=\"300\" height=\"178\" data-id=\"253\"  src=\"https:\/\/standesamt.voecklawellt.at\/wp-content\/uploads\/2025\/01\/20231006_124112-300x178.jpg\" alt=\"\" class=\"wp-image-253\" srcset=\"http:\/\/standesamt.voecklawellt.at\/wp-content\/uploads\/2025\/01\/20231006_124112-300x178.jpg 300w, http:\/\/standesamt.voecklawellt.at\/wp-content\/uploads\/2025\/01\/20231006_124112-1024x609.jpg 1024w, http:\/\/standesamt.voecklawellt.at\/wp-content\/uploads\/2025\/01\/20231006_124112-768x457.jpg 768w, http:\/\/standesamt.voecklawellt.at\/wp-content\/uploads\/2025\/01\/20231006_124112-1536x914.jpg 1536w, http:\/\/standesamt.voecklawellt.at\/wp-content\/uploads\/2025\/01\/20231006_124112-2048x1218.jpg 2048w\" sizes=\"(max-width: 300px) 100vw, 300px\" \/><\/figure>\n\n\n\n<figure class=\"wp-block-image size-medium\"><img loading=\"lazy\" width=\"300\" height=\"151\" data-id=\"149\"  src=\"https:\/\/standesamt.voecklawellt.at\/wp-content\/uploads\/2022\/10\/20220915_152342_korr-300x151.jpg\" alt=\"\" class=\"wp-image-149\" srcset=\"http:\/\/standesamt.voecklawellt.at\/wp-content\/uploads\/2022\/10\/20220915_152342_korr-300x151.jpg 300w, http:\/\/standesamt.voecklawellt.at\/wp-content\/uploads\/2022\/10\/20220915_152342_korr-1024x515.jpg 1024w, http:\/\/standesamt.voecklawellt.at\/wp-content\/uploads\/2022\/10\/20220915_152342_korr-768x387.jpg 768w, http:\/\/standesamt.voecklawellt.at\/wp-content\/uploads\/2022\/10\/20220915_152342_korr-1536x773.jpg 1536w, http:\/\/standesamt.voecklawellt.at\/wp-content\/uploads\/2022\/10\/20220915_152342_korr-2048x1031.jpg 2048w\" sizes=\"(max-width: 300px) 100vw, 300px\" \/><\/figure>\n\n\n\n<figure class=\"wp-block-image size-medium\"><img loading=\"lazy\" width=\"300\" height=\"169\" data-id=\"251\"  src=\"https:\/\/standesamt.voecklawellt.at\/wp-content\/uploads\/2025\/01\/20231006_124027-2-300x169.jpg\" alt=\"\" class=\"wp-image-251\" srcset=\"http:\/\/standesamt.voecklawellt.at\/wp-content\/uploads\/2025\/01\/20231006_124027-2-300x169.jpg 300w, http:\/\/standesamt.voecklawellt.at\/wp-content\/uploads\/2025\/01\/20231006_124027-2-1024x576.jpg 1024w, http:\/\/standesamt.voecklawellt.at\/wp-content\/uploads\/2025\/01\/20231006_124027-2-768x432.jpg 768w, http:\/\/standesamt.voecklawellt.at\/wp-content\/uploads\/2025\/01\/20231006_124027-2-1536x864.jpg 1536w, http:\/\/standesamt.voecklawellt.at\/wp-content\/uploads\/2025\/01\/20231006_124027-2-2048x1152.jpg 2048w\" sizes=\"(max-width: 300px) 100vw, 300px\" \/><\/figure>\n\n\n\n<figure class=\"wp-block-image size-medium\"><img loading=\"lazy\" width=\"300\" height=\"210\" data-id=\"255\"  src=\"https:\/\/standesamt.voecklawellt.at\/wp-content\/uploads\/2025\/01\/Better-Togeter_Detail-300x210.jpg\" alt=\"\" class=\"wp-image-255\" srcset=\"http:\/\/standesamt.voecklawellt.at\/wp-content\/uploads\/2025\/01\/Better-Togeter_Detail-300x210.jpg 300w, http:\/\/standesamt.voecklawellt.at\/wp-content\/uploads\/2025\/01\/Better-Togeter_Detail-1024x715.jpg 1024w, http:\/\/standesamt.voecklawellt.at\/wp-content\/uploads\/2025\/01\/Better-Togeter_Detail-768x537.jpg 768w, http:\/\/standesamt.voecklawellt.at\/wp-content\/uploads\/2025\/01\/Better-Togeter_Detail-1536x1073.jpg 1536w, http:\/\/standesamt.voecklawellt.at\/wp-content\/uploads\/2025\/01\/Better-Togeter_Detail-2048x1431.jpg 2048w\" sizes=\"(max-width: 300px) 100vw, 300px\" \/><\/figure>\n<\/figure>\n\n\n\n<p><span style=\"color: #c34370;\"><strong>TRAUUNGS\u00d6RTLICHKEITEN:<\/strong><\/span><\/p>\n\n\n\n<p>In V\u00f6cklamarkt finden die Trauungen im neuen Gemeindesaal statt, welcher auch gr\u00f6\u00dferen Hochzeitsgesellschaften Platz bietet.<\/p>\n\n\n\n<p>Auch in Pfaffing ist wieder geplant, in einer Location Trauungen abzuhalten.<\/p>\n\n\n\n<p><\/p>\n\n\n\n<p><\/p>\n\n\n\n<p><\/p>\n\n\n\n<p><\/p>\n\n\n\n<p><\/p>\n\n\n\n<p><span style=\"color: #c34370;\"><strong>GESTALTUNG DER ZEREMONIE:<\/strong><\/span><\/p>\n\n\n\n<p>Gerne gehen wir diesbez\u00fcglich auf Ihre W\u00fcnsche ein. Ob Sie eine festliche Zeremonie mit Musik und Ringwechsel, oder eine schlichte kleine Trauung mit oder ohne Trauzeugen w\u00fcnschen, stimmen wir gerne mit Ihnen ab.<\/p>\n\n\n\n<p><\/p>\n\n\n\n<p><strong><span style=\"color: #c34370;\">AUSKLANG MIT SEKT ODER AGAPE:<\/span><\/strong><\/p>\n\n\n\n<p>Gegen einen Unkostenbeitrag k\u00f6nnen auf Wunsch Stehtische mit wei\u00dfen Hussen und Sektgl\u00e4ser zur Verf\u00fcgung gestellt werden, um direkt im Anschluss an die Trauung im kleinen Kreis mit selbst mitgebrachtem Sekt (kein Verkauf!) auf Ihre gemeinsame Zukunft anzusto\u00dfen oder sich mit einer selbst organisierten Agape zu st\u00e4rken.<\/p>\n\n\n\n<p>Bei Sch\u00f6nwetter gibt es die M\u00f6glichkeit, den Ausklang mit Sekt und Agape auch im Au\u00dfenbereich unter freiem Himmel stattfinden zu lassen.<\/p>\n\n\n\n<p><\/p>\n\n\n\n<figure class=\"wp-block-gallery has-nested-images columns-default is-cropped\"><\/figure>\n\n\n\n<p class=\"has-text-align-left\" style=\"font-size:16px;letter-spacing:0px\"><span style=\"color: #c34370;\"><em>Einen guten Start in Ihre gemeinsame Zukunft w\u00fcnschen Ihnen <\/em><\/span><br><span style=\"color: #c34370;\"><em>die Bediensteten des Standesamtverbandes <\/em><\/span><span style=\"color: #c34370;\"><em>V\u00f6cklamarkt &#8211; Pfaffing!<\/em><\/span><\/p>\n\n\n\n<div class=\"wp-block-image\"><figure class=\"aligncenter\"><img loading=\"lazy\" width=\"300\" height=\"148\" src=\"http:\/\/standesamt.voecklawellt.at\/wp-content\/uploads\/2016\/02\/wappen-300x148.jpg\" alt=\"wappen\" class=\"wp-image-31\" srcset=\"http:\/\/standesamt.voecklawellt.at\/wp-content\/uploads\/2016\/02\/wappen-300x148.jpg 300w, http:\/\/standesamt.voecklawellt.at\/wp-content\/uploads\/2016\/02\/wappen.jpg 569w\" sizes=\"(max-width: 300px) 100vw, 300px\" \/><\/figure><\/div>\n\n\n\n<p class=\"has-text-align-right\"><\/p>\n","protected":false},"excerpt":{"rendered":"<p>Heiraten in V\u00f6cklamarkt TRAUUNGS\u00d6RTLICHKEITEN: In V\u00f6cklamarkt finden die Trauungen im neuen Gemeindesaal statt, welcher auch gr\u00f6\u00dferen Hochzeitsgesellschaften Platz bietet. Auch in Pfaffing ist wieder geplant, in einer Location Trauungen abzuhalten. GESTALTUNG DER ZEREMONIE: Gerne gehen wir diesbez\u00fcglich auf Ihre W\u00fcnsche ein. Ob Sie eine festliche Zeremonie mit Musik und Ringwechsel, oder eine schlichte kleine Trauung [&hellip;]<\/p>\n","protected":false},"author":1,"featured_media":0,"parent":0,"menu_order":0,"comment_status":"closed","ping_status":"closed","template":"","meta":[],"_links":{"self":[{"href":"http:\/\/standesamt.voecklawellt.at\/index.php?rest_route=\/wp\/v2\/pages\/9"}],"collection":[{"href":"http:\/\/standesamt.voecklawellt.at\/index.php?rest_route=\/wp\/v2\/pages"}],"about":[{"href":"http:\/\/standesamt.voecklawellt.at\/index.php?rest_route=\/wp\/v2\/types\/page"}],"author":[{"embeddable":true,"href":"http:\/\/standesamt.voecklawellt.at\/index.php?rest_route=\/wp\/v2\/users\/1"}],"replies":[{"embeddable":true,"href":"http:\/\/standesamt.voecklawellt.at\/index.php?rest_route=%2Fwp%2Fv2%2Fcomments&post=9"}],"version-history":[{"count":78,"href":"http:\/\/standesamt.voecklawellt.at\/index.php?rest_route=\/wp\/v2\/pages\/9\/revisions"}],"predecessor-version":[{"id":252,"href":"http:\/\/standesamt.voecklawellt.at\/index.php?rest_route=\/wp\/v2\/pages\/9\/revisions\/252"}],"wp:attachment":[{"href":"http:\/\/standesamt.voecklawellt.at\/index.php?rest_route=%2Fwp%2Fv2%2Fmedia&parent=9"}],"curies":[{"name":"wp","href":"https:\/\/api.w.org\/{rel}","templated":true}]}}